{"id":3167,"date":"2022-10-24T03:09:13","date_gmt":"2022-10-24T03:09:13","guid":{"rendered":"https:\/\/consultaxe.com\/a-propos-copy\/"},"modified":"2023-10-12T16:41:32","modified_gmt":"2023-10-12T16:41:32","slug":"nos-partenaires","status":"publish","type":"page","link":"https:\/\/consultaxe.com\/?page_id=3167","title":{"rendered":"Nos partenaires"},"content":{"rendered":"\t\t<div data-elementor-type=\"wp-page\" data-elementor-id=\"3167\" class=\"elementor elementor-3167\" data-elementor-post-type=\"page\">\n\t\t\t\t\t\t<section class=\"ob-is-breaking-bad elementor-section elementor-top-section elementor-element elementor-element-c9890b0 elementor-section-height-min-height elementor-section-boxed elementor-section-height-default elementor-section-items-middle\" data-id=\"c9890b0\" data-element_type=\"section\" data-e-type=\"section\" data-settings=\"{&quot;background_background&quot;:&quot;classic&quot;,&quot;jet_parallax_layout_list&quot;:[],&quot;_ob_bbad_use_it&quot;:&quot;yes&quot;,&quot;_ob_bbad_sssic_use&quot;:&quot;no&quot;,&quot;_ob_glider_is_slider&quot;:&quot;no&quot;}\">\n\t\t\t\t\t\t\t<div class=\"elementor-background-overlay\"><\/div>\n\t\t\t\t\t\t\t<div class=\"elementor-container elementor-column-gap-default\">\n\t\t\t\t\t<div class=\"elementor-column elementor-col-100 elementor-top-column elementor-element elementor-element-c401e5b\" data-id=\"c401e5b\" data-element_type=\"column\" data-e-type=\"column\" data-settings=\"{&quot;_ob_bbad_is_stalker&quot;:&quot;no&quot;,&quot;_ob_teleporter_use&quot;:false,&quot;_ob_column_hoveranimator&quot;:&quot;no&quot;,&quot;_ob_column_has_pseudo&quot;:&quot;no&quot;}\">\n\t\t\t<div class=\"elementor-widget-wrap elementor-element-populated\">\n\t\t\t\t\t\t<div class=\"elementor-element elementor-element-4bb06f1 ob-harakiri-inherit ob-has-background-overlay elementor-widget elementor-widget-heading\" data-id=\"4bb06f1\" data-element_type=\"widget\" data-e-type=\"widget\" data-settings=\"{&quot;_ob_use_harakiri&quot;:&quot;yes&quot;,&quot;_ob_harakiri_writing_mode&quot;:&quot;inherit&quot;,&quot;_ob_harakiri_text_clip&quot;:&quot;none&quot;,&quot;_ob_perspektive_use&quot;:&quot;no&quot;,&quot;_ob_poopart_use&quot;:&quot;yes&quot;,&quot;_ob_shadough_use&quot;:&quot;no&quot;,&quot;_ob_allow_hoveranimator&quot;:&quot;no&quot;,&quot;_ob_widget_stalker_use&quot;:&quot;no&quot;}\" data-widget_type=\"heading.default\">\n\t\t\t\t<div class=\"elementor-widget-container\">\n\t\t\t\t\t<h2 class=\"elementor-heading-title elementor-size-default\">Nos partenaires<\/h2>\t\t\t\t<\/div>\n\t\t\t\t<\/div>\n\t\t\t\t<div class=\"elementor-element elementor-element-2abebb2 ob-harakiri-inherit ob-has-background-overlay elementor-widget elementor-widget-heading\" data-id=\"2abebb2\" data-element_type=\"widget\" data-e-type=\"widget\" data-settings=\"{&quot;_ob_use_harakiri&quot;:&quot;yes&quot;,&quot;_ob_harakiri_writing_mode&quot;:&quot;inherit&quot;,&quot;_ob_harakiri_text_clip&quot;:&quot;none&quot;,&quot;_ob_perspektive_use&quot;:&quot;no&quot;,&quot;_ob_poopart_use&quot;:&quot;yes&quot;,&quot;_ob_shadough_use&quot;:&quot;no&quot;,&quot;_ob_allow_hoveranimator&quot;:&quot;no&quot;,&quot;_ob_widget_stalker_use&quot;:&quot;no&quot;}\" data-widget_type=\"heading.default\">\n\t\t\t\t<div class=\"elementor-widget-container\">\n\t\t\t\t\t<h2 class=\"elementor-heading-title elementor-size-default\"> Une expertise qui se d\u00e9veloppe gr\u00e2ce \u00e0 la collaboration<\/h2>\t\t\t\t<\/div>\n\t\t\t\t<\/div>\n\t\t\t\t\t<\/div>\n\t\t<\/div>\n\t\t\t\t\t<\/div>\n\t\t<\/section>\n\t\t\t\t<section class=\"ob-is-breaking-bad elementor-section elementor-top-section elementor-element elementor-element-1e4cca1 elementor-section-full_width elementor-section-height-default elementor-section-height-default\" data-id=\"1e4cca1\" data-element_type=\"section\" data-e-type=\"section\" data-settings=\"{&quot;jet_parallax_layout_list&quot;:[],&quot;background_background&quot;:&quot;classic&quot;,&quot;_ob_bbad_use_it&quot;:&quot;yes&quot;,&quot;_ob_bbad_sssic_use&quot;:&quot;no&quot;,&quot;_ob_glider_is_slider&quot;:&quot;no&quot;}\">\n\t\t\t\t\t\t<div class=\"elementor-container elementor-column-gap-default\">\n\t\t\t\t\t<div class=\"elementor-column elementor-col-50 elementor-top-column elementor-element elementor-element-0b1fc4e\" data-id=\"0b1fc4e\" data-element_type=\"column\" data-e-type=\"column\" data-settings=\"{&quot;background_background&quot;:&quot;classic&quot;,&quot;_ob_bbad_is_stalker&quot;:&quot;no&quot;,&quot;_ob_teleporter_use&quot;:false,&quot;_ob_column_hoveranimator&quot;:&quot;no&quot;,&quot;_ob_column_has_pseudo&quot;:&quot;no&quot;}\">\n\t\t\t<div class=\"elementor-widget-wrap elementor-element-populated\">\n\t\t\t\t\t\t<div class=\"elementor-element elementor-element-2c3b887 ob-has-background-overlay elementor-widget elementor-widget-image\" data-id=\"2c3b887\" data-element_type=\"widget\" data-e-type=\"widget\" data-settings=\"{&quot;_ob_photomorph_use&quot;:&quot;no&quot;,&quot;_ob_perspektive_use&quot;:&quot;no&quot;,&quot;_ob_poopart_use&quot;:&quot;yes&quot;,&quot;_ob_shadough_use&quot;:&quot;no&quot;,&quot;_ob_allow_hoveranimator&quot;:&quot;no&quot;,&quot;_ob_widget_stalker_use&quot;:&quot;no&quot;}\" data-widget_type=\"image.default\">\n\t\t\t\t<div class=\"elementor-widget-container\">\n\t\t\t\t\t\t\t\t\t\t\t\t\t\t\t<img fetchpriority=\"high\" decoding=\"async\" width=\"718\" height=\"754\" src=\"https:\/\/consultaxe.com\/wp-content\/uploads\/2022\/10\/alpinistes-partenaires_1.jpg\" class=\"attachment-large size-large wp-image-3338\" alt=\"\" \/>\t\t\t\t\t\t\t\t\t\t\t\t\t\t\t<\/div>\n\t\t\t\t<\/div>\n\t\t\t\t\t<\/div>\n\t\t<\/div>\n\t\t\t\t<div class=\"elementor-column elementor-col-50 elementor-top-column elementor-element elementor-element-8dbce95\" data-id=\"8dbce95\" data-element_type=\"column\" data-e-type=\"column\" data-settings=\"{&quot;_ob_bbad_is_stalker&quot;:&quot;no&quot;,&quot;_ob_teleporter_use&quot;:false,&quot;_ob_column_hoveranimator&quot;:&quot;no&quot;,&quot;_ob_column_has_pseudo&quot;:&quot;no&quot;}\">\n\t\t\t<div class=\"elementor-widget-wrap elementor-element-populated\">\n\t\t\t\t\t\t<div class=\"elementor-element elementor-element-a13c25d ob-harakiri-inherit ob-has-background-overlay elementor-widget elementor-widget-heading\" data-id=\"a13c25d\" data-element_type=\"widget\" data-e-type=\"widget\" data-settings=\"{&quot;_ob_use_harakiri&quot;:&quot;yes&quot;,&quot;_ob_harakiri_writing_mode&quot;:&quot;inherit&quot;,&quot;_ob_harakiri_text_clip&quot;:&quot;none&quot;,&quot;_ob_perspektive_use&quot;:&quot;no&quot;,&quot;_ob_poopart_use&quot;:&quot;yes&quot;,&quot;_ob_shadough_use&quot;:&quot;no&quot;,&quot;_ob_allow_hoveranimator&quot;:&quot;no&quot;,&quot;_ob_widget_stalker_use&quot;:&quot;no&quot;}\" data-widget_type=\"heading.default\">\n\t\t\t\t<div class=\"elementor-widget-container\">\n\t\t\t\t\t<h2 class=\"elementor-heading-title elementor-size-default\">Consultaxe SST Lt\u00e9e<\/h2>\t\t\t\t<\/div>\n\t\t\t\t<\/div>\n\t\t\t\t<div class=\"elementor-element elementor-element-4aabde9 ob-harakiri-inherit ob-has-background-overlay elementor-widget elementor-widget-text-editor\" data-id=\"4aabde9\" data-element_type=\"widget\" data-e-type=\"widget\" data-settings=\"{&quot;_ob_use_harakiri&quot;:&quot;yes&quot;,&quot;_ob_harakiri_writing_mode&quot;:&quot;inherit&quot;,&quot;_ob_postman_use&quot;:&quot;no&quot;,&quot;_ob_perspektive_use&quot;:&quot;no&quot;,&quot;_ob_poopart_use&quot;:&quot;yes&quot;,&quot;_ob_shadough_use&quot;:&quot;no&quot;,&quot;_ob_allow_hoveranimator&quot;:&quot;no&quot;,&quot;_ob_widget_stalker_use&quot;:&quot;no&quot;}\" data-widget_type=\"text-editor.default\">\n\t\t\t\t<div class=\"elementor-widget-container\">\n\t\t\t\t\t\t\t\t\t<p>En 2009, apr\u00e8s avoir cr\u00e9\u00e9 Consultaxe SST Lt\u00e9e, l\u2019entreprise accueille dans ses rangs une \u00e9quipe d\u2019experts en v\u00e9rification financi\u00e8re des dossiers en sant\u00e9 et s\u00e9curit\u00e9 au travail (SST).<\/p><p>Leur apport est consid\u00e9rable, puisqu\u2019ils aident notre client\u00e8le \u00e0 minimiser les co\u00fbts annuels li\u00e9s \u00e0 leurs cotisations de leur r\u00e9gime personnalis\u00e9 ou r\u00e9trospectif. De plus, ils deviennent une source de connaissances pour les gestionnaires en ressources humaines chez nos clients.<\/p><p>Depuis 1974, Consultaxe est orient\u00e9e vers l\u2019efficacit\u00e9 financi\u00e8re des organisations. Il nous arrive de faire appel \u00e0 d\u2019autres sp\u00e9cialistes dans le cadre de dossiers bien particuliers. Nous travaillons, notamment, avec des sp\u00e9cialistes en ing\u00e9nierie, en droit ou en actuariat. Ainsi, nous avons \u00e0 c\u0153ur l\u2019int\u00e9r\u00eat de nos clients dans le but ultime d\u2019am\u00e9liorer l\u2019efficacit\u00e9 financi\u00e8re de leurs op\u00e9rations actuelles et futures.<\/p><p>Informez-vous sur notre service de v\u00e9rification financi\u00e8re des dossiers en sant\u00e9 et s\u00e9curit\u00e9 au travail (SST) afin de diminuer vos cotisations annuelles.<\/p>\t\t\t\t\t\t\t\t<\/div>\n\t\t\t\t<\/div>\n\t\t\t\t<div class=\"elementor-element elementor-element-de5c95f elementor-widget__width-auto ob-has-background-overlay elementor-widget elementor-widget-button\" data-id=\"de5c95f\" data-element_type=\"widget\" data-e-type=\"widget\" data-settings=\"{&quot;_ob_butterbutton_use_it&quot;:&quot;no&quot;,&quot;_ob_perspektive_use&quot;:&quot;no&quot;,&quot;_ob_poopart_use&quot;:&quot;yes&quot;,&quot;_ob_shadough_use&quot;:&quot;no&quot;,&quot;_ob_allow_hoveranimator&quot;:&quot;no&quot;,&quot;_ob_widget_stalker_use&quot;:&quot;no&quot;}\" data-widget_type=\"button.default\">\n\t\t\t\t<div class=\"elementor-widget-container\">\n\t\t\t\t\t\t\t\t\t<div class=\"elementor-button-wrapper\">\n\t\t\t\t\t<a class=\"elementor-button elementor-button-link elementor-size-md\" href=\"https:\/\/consultaxe.com\/nous-joindre\/\">\n\t\t\t\t\t\t<span class=\"elementor-button-content-wrapper\">\n\t\t\t\t\t\t\t\t\t<span class=\"elementor-button-text\">Parler \u00e0 un expert<\/span>\n\t\t\t\t\t<\/span>\n\t\t\t\t\t<\/a>\n\t\t\t\t<\/div>\n\t\t\t\t\t\t\t\t<\/div>\n\t\t\t\t<\/div>\n\t\t\t\t\t<\/div>\n\t\t<\/div>\n\t\t\t\t\t<\/div>\n\t\t<\/section>\n\t\t\t\t<section class=\"ob-is-breaking-bad elementor-section elementor-top-section elementor-element elementor-element-c9158d8 elementor-section-boxed elementor-section-height-default elementor-section-height-default\" data-id=\"c9158d8\" data-element_type=\"section\" data-e-type=\"section\" data-settings=\"{&quot;jet_parallax_layout_list&quot;:[],&quot;background_background&quot;:&quot;classic&quot;,&quot;_ob_bbad_use_it&quot;:&quot;yes&quot;,&quot;_ob_bbad_sssic_use&quot;:&quot;no&quot;,&quot;_ob_glider_is_slider&quot;:&quot;no&quot;}\">\n\t\t\t\t\t\t<div class=\"elementor-container elementor-column-gap-default\">\n\t\t\t\t\t<div class=\"elementor-column elementor-col-100 elementor-top-column elementor-element elementor-element-4daf881\" data-id=\"4daf881\" data-element_type=\"column\" data-e-type=\"column\" data-settings=\"{&quot;_ob_bbad_is_stalker&quot;:&quot;no&quot;,&quot;_ob_teleporter_use&quot;:false,&quot;_ob_column_hoveranimator&quot;:&quot;no&quot;,&quot;_ob_column_has_pseudo&quot;:&quot;no&quot;}\">\n\t\t\t<div class=\"elementor-widget-wrap elementor-element-populated\">\n\t\t\t\t\t\t<div class=\"elementor-element elementor-element-181aec1 ob-has-background-overlay elementor-widget elementor-widget-jet-breadcrumbs\" data-id=\"181aec1\" data-element_type=\"widget\" data-e-type=\"widget\" data-settings=\"{&quot;_ob_perspektive_use&quot;:&quot;no&quot;,&quot;_ob_poopart_use&quot;:&quot;yes&quot;,&quot;_ob_shadough_use&quot;:&quot;no&quot;,&quot;_ob_allow_hoveranimator&quot;:&quot;no&quot;,&quot;_ob_widget_stalker_use&quot;:&quot;no&quot;}\" data-widget_type=\"jet-breadcrumbs.default\">\n\t\t\t\t<div class=\"elementor-widget-container\">\n\t\t\t\t\t<div class=\"elementor-jet-breadcrumbs jet-blocks\">\n\t\t<div class=\"jet-breadcrumbs\">\n\t\t<div class=\"jet-breadcrumbs__content\">\n\t\t<div class=\"jet-breadcrumbs__wrap\"><div class=\"jet-breadcrumbs__item\"><a href=\"https:\/\/consultaxe.com\/\" class=\"jet-breadcrumbs__item-link is-home\" rel=\"home\" title=\"Accueil\">Accueil<\/a><\/div>\n\t\t<\/div>\n\t\t<\/div>\n\t\t<\/div><\/div>\t\t\t\t<\/div>\n\t\t\t\t<\/div>\n\t\t\t\t\t<\/div>\n\t\t<\/div>\n\t\t\t\t\t<\/div>\n\t\t<\/section>\n\t\t\t\t<section class=\"ob-is-breaking-bad elementor-section elementor-top-section elementor-element elementor-element-4769c8c elementor-section-boxed elementor-section-height-default elementor-section-height-default\" data-id=\"4769c8c\" data-element_type=\"section\" data-e-type=\"section\" data-settings=\"{&quot;background_background&quot;:&quot;classic&quot;,&quot;jet_parallax_layout_list&quot;:[],&quot;_ob_bbad_use_it&quot;:&quot;yes&quot;,&quot;_ob_bbad_sssic_use&quot;:&quot;no&quot;,&quot;_ob_glider_is_slider&quot;:&quot;no&quot;}\">\n\t\t\t\t\t\t<div class=\"elementor-container elementor-column-gap-default\">\n\t\t\t\t\t<div class=\"elementor-column elementor-col-50 elementor-top-column elementor-element elementor-element-6bf4a3c\" data-id=\"6bf4a3c\" data-element_type=\"column\" data-e-type=\"column\" data-settings=\"{&quot;_ob_bbad_is_stalker&quot;:&quot;no&quot;,&quot;_ob_teleporter_use&quot;:false,&quot;_ob_column_hoveranimator&quot;:&quot;no&quot;,&quot;_ob_column_has_pseudo&quot;:&quot;no&quot;}\">\n\t\t\t<div class=\"elementor-widget-wrap elementor-element-populated\">\n\t\t\t\t\t\t<div class=\"elementor-element elementor-element-3eaab3b ob-harakiri-inherit ob-has-background-overlay elementor-widget elementor-widget-heading\" data-id=\"3eaab3b\" data-element_type=\"widget\" data-e-type=\"widget\" data-settings=\"{&quot;_ob_use_harakiri&quot;:&quot;yes&quot;,&quot;_ob_harakiri_writing_mode&quot;:&quot;inherit&quot;,&quot;_ob_harakiri_text_clip&quot;:&quot;none&quot;,&quot;_ob_perspektive_use&quot;:&quot;no&quot;,&quot;_ob_poopart_use&quot;:&quot;yes&quot;,&quot;_ob_shadough_use&quot;:&quot;no&quot;,&quot;_ob_allow_hoveranimator&quot;:&quot;no&quot;,&quot;_ob_widget_stalker_use&quot;:&quot;no&quot;}\" data-widget_type=\"heading.default\">\n\t\t\t\t<div class=\"elementor-widget-container\">\n\t\t\t\t\t<h2 class=\"elementor-heading-title elementor-size-default\">Pour une revue conforme et compl\u00e8te<\/h2>\t\t\t\t<\/div>\n\t\t\t\t<\/div>\n\t\t\t\t<div class=\"elementor-element elementor-element-db2e53e ob-harakiri-inherit ob-has-background-overlay elementor-widget elementor-widget-heading\" data-id=\"db2e53e\" data-element_type=\"widget\" data-e-type=\"widget\" data-settings=\"{&quot;_ob_use_harakiri&quot;:&quot;yes&quot;,&quot;_ob_harakiri_writing_mode&quot;:&quot;inherit&quot;,&quot;_ob_harakiri_text_clip&quot;:&quot;none&quot;,&quot;_ob_perspektive_use&quot;:&quot;no&quot;,&quot;_ob_poopart_use&quot;:&quot;yes&quot;,&quot;_ob_shadough_use&quot;:&quot;no&quot;,&quot;_ob_allow_hoveranimator&quot;:&quot;no&quot;,&quot;_ob_widget_stalker_use&quot;:&quot;no&quot;}\" data-widget_type=\"heading.default\">\n\t\t\t\t<div class=\"elementor-widget-container\">\n\t\t\t\t\t<h2 class=\"elementor-heading-title elementor-size-default\">Choisissez Consultaxe<\/h2>\t\t\t\t<\/div>\n\t\t\t\t<\/div>\n\t\t\t\t\t<\/div>\n\t\t<\/div>\n\t\t\t\t<div class=\"elementor-column elementor-col-50 elementor-top-column elementor-element elementor-element-11775b4\" data-id=\"11775b4\" data-element_type=\"column\" data-e-type=\"column\" data-settings=\"{&quot;_ob_bbad_is_stalker&quot;:&quot;no&quot;,&quot;_ob_teleporter_use&quot;:false,&quot;_ob_column_hoveranimator&quot;:&quot;no&quot;,&quot;_ob_column_has_pseudo&quot;:&quot;no&quot;}\">\n\t\t\t<div class=\"elementor-widget-wrap elementor-element-populated\">\n\t\t\t\t\t\t<div class=\"elementor-element elementor-element-e56b819 elementor-widget__width-auto ob-has-background-overlay elementor-widget elementor-widget-button\" data-id=\"e56b819\" data-element_type=\"widget\" data-e-type=\"widget\" data-settings=\"{&quot;_ob_butterbutton_use_it&quot;:&quot;no&quot;,&quot;_ob_perspektive_use&quot;:&quot;no&quot;,&quot;_ob_poopart_use&quot;:&quot;yes&quot;,&quot;_ob_shadough_use&quot;:&quot;no&quot;,&quot;_ob_allow_hoveranimator&quot;:&quot;no&quot;,&quot;_ob_widget_stalker_use&quot;:&quot;no&quot;}\" data-widget_type=\"button.default\">\n\t\t\t\t<div class=\"elementor-widget-container\">\n\t\t\t\t\t\t\t\t\t<div class=\"elementor-button-wrapper\">\n\t\t\t\t\t<a class=\"elementor-button elementor-button-link elementor-size-md\" href=\"https:\/\/consultaxe.com\/nous-joindre\/\">\n\t\t\t\t\t\t<span class=\"elementor-button-content-wrapper\">\n\t\t\t\t\t\t\t\t\t<span class=\"elementor-button-text\">Contactez-nous<\/span>\n\t\t\t\t\t<\/span>\n\t\t\t\t\t<\/a>\n\t\t\t\t<\/div>\n\t\t\t\t\t\t\t\t<\/div>\n\t\t\t\t<\/div>\n\t\t\t\t\t<\/div>\n\t\t<\/div>\n\t\t\t\t\t<\/div>\n\t\t<\/section>\n\t\t\t\t<\/div>\n\t\t","protected":false},"excerpt":{"rendered":"<p>Une expertise qui se d\u00e9veloppe gr\u00e2ce \u00e0 la collaboration Consultaxe SST Lt\u00e9e En 2009, apr\u00e8s avoir cr\u00e9\u00e9 Consultaxe SST Lt\u00e9e, l\u2019entreprise accueille dans ses rangs une \u00e9quipe d\u2019experts en v\u00e9rification financi\u00e8re des dossiers en sant\u00e9 et s\u00e9curit\u00e9 au travail (SST). Leur apport est consid\u00e9rable, puisqu\u2019ils aident notre client\u00e8le \u00e0 minimiser les co\u00fbts annuels li\u00e9s \u00e0 [&hellip;]<\/p>\n","protected":false},"author":6,"featured_media":3336,"parent":3174,"menu_order":0,"comment_status":"closed","ping_status":"closed","template":"","meta":{"_acf_changed":false,"footnotes":""},"class_list":["post-3167","page","type-page","status-publish","has-post-thumbnail","hentry"],"acf":[],"yoast_head":"<!-- This site is optimized with the Yoast SEO plugin v27.5 - https:\/\/yoast.com\/product\/yoast-seo-wordpress\/ -->\n<title>Nos partenaires - Consultaxe<\/title>\n<meta name=\"description\" content=\"Consultaxe est fier de compter sur ses partenaires afin d&#039;offrir \u00e0 sa client\u00e8le un service complet et cl\u00e9 en main. Devenez l&#039;un de nos partenaires.\" \/>\n<meta name=\"robots\" content=\"index, follow, max-snippet:-1, max-image-preview:large, max-video-preview:-1\" \/>\n<link rel=\"canonical\" href=\"https:\/\/consultaxe.com\/?page_id=3167\" \/>\n<meta property=\"og:locale\" content=\"fr_FR\" \/>\n<meta property=\"og:type\" content=\"article\" \/>\n<meta property=\"og:title\" content=\"Nos partenaires - Consultaxe\" \/>\n<meta property=\"og:description\" content=\"Consultaxe est fier de compter sur ses partenaires afin d&#039;offrir \u00e0 sa client\u00e8le un service complet et cl\u00e9 en main. Devenez l&#039;un de nos partenaires.\" \/>\n<meta property=\"og:url\" content=\"https:\/\/consultaxe.com\/?page_id=3167\" \/>\n<meta property=\"og:site_name\" content=\"Consultaxe\" \/>\n<meta property=\"article:modified_time\" content=\"2023-10-12T16:41:32+00:00\" \/>\n<meta property=\"og:image\" content=\"https:\/\/consultaxe.com\/wp-content\/uploads\/2022\/10\/partenaires-1.jpg\" \/>\n\t<meta property=\"og:image:width\" content=\"1600\" \/>\n\t<meta property=\"og:image:height\" content=\"900\" \/>\n\t<meta property=\"og:image:type\" content=\"image\/jpeg\" \/>\n<meta name=\"twitter:card\" content=\"summary_large_image\" \/>\n<meta name=\"twitter:label1\" content=\"Dur\u00e9e de lecture estim\u00e9e\" \/>\n\t<meta name=\"twitter:data1\" content=\"2 minutes\" \/>\n<script type=\"application\/ld+json\" class=\"yoast-schema-graph\">{\"@context\":\"https:\\\/\\\/schema.org\",\"@graph\":[{\"@type\":\"WebPage\",\"@id\":\"https:\\\/\\\/consultaxe.com\\\/?page_id=3167\",\"url\":\"https:\\\/\\\/consultaxe.com\\\/?page_id=3167\",\"name\":\"Nos partenaires - Consultaxe\",\"isPartOf\":{\"@id\":\"https:\\\/\\\/consultaxe.com\\\/#website\"},\"primaryImageOfPage\":{\"@id\":\"https:\\\/\\\/consultaxe.com\\\/?page_id=3167#primaryimage\"},\"image\":{\"@id\":\"https:\\\/\\\/consultaxe.com\\\/?page_id=3167#primaryimage\"},\"thumbnailUrl\":\"https:\\\/\\\/consultaxe.com\\\/wp-content\\\/uploads\\\/2022\\\/10\\\/partenaires-1.jpg\",\"datePublished\":\"2022-10-24T03:09:13+00:00\",\"dateModified\":\"2023-10-12T16:41:32+00:00\",\"description\":\"Consultaxe est fier de compter sur ses partenaires afin d'offrir \u00e0 sa client\u00e8le un service complet et cl\u00e9 en main. Devenez l'un de nos partenaires.\",\"breadcrumb\":{\"@id\":\"https:\\\/\\\/consultaxe.com\\\/?page_id=3167#breadcrumb\"},\"inLanguage\":\"fr-FR\",\"potentialAction\":[{\"@type\":\"ReadAction\",\"target\":[\"https:\\\/\\\/consultaxe.com\\\/?page_id=3167\"]}]},{\"@type\":\"ImageObject\",\"inLanguage\":\"fr-FR\",\"@id\":\"https:\\\/\\\/consultaxe.com\\\/?page_id=3167#primaryimage\",\"url\":\"https:\\\/\\\/consultaxe.com\\\/wp-content\\\/uploads\\\/2022\\\/10\\\/partenaires-1.jpg\",\"contentUrl\":\"https:\\\/\\\/consultaxe.com\\\/wp-content\\\/uploads\\\/2022\\\/10\\\/partenaires-1.jpg\",\"width\":1600,\"height\":900},{\"@type\":\"BreadcrumbList\",\"@id\":\"https:\\\/\\\/consultaxe.com\\\/?page_id=3167#breadcrumb\",\"itemListElement\":[{\"@type\":\"ListItem\",\"position\":1,\"name\":\"Accueil\",\"item\":\"https:\\\/\\\/consultaxe.com\\\/\"},{\"@type\":\"ListItem\",\"position\":2,\"name\":\"\u00c9tudes de cas\",\"item\":\"https:\\\/\\\/consultaxe.com\\\/?page_id=3174\"},{\"@type\":\"ListItem\",\"position\":3,\"name\":\"Nos partenaires\"}]},{\"@type\":\"WebSite\",\"@id\":\"https:\\\/\\\/consultaxe.com\\\/#website\",\"url\":\"https:\\\/\\\/consultaxe.com\\\/\",\"name\":\"Consultaxe\",\"description\":\"Vos sp\u00e9cialistes en optimisation financi\u00e8re\",\"publisher\":{\"@id\":\"https:\\\/\\\/consultaxe.com\\\/#organization\"},\"potentialAction\":[{\"@type\":\"SearchAction\",\"target\":{\"@type\":\"EntryPoint\",\"urlTemplate\":\"https:\\\/\\\/consultaxe.com\\\/?s={search_term_string}\"},\"query-input\":{\"@type\":\"PropertyValueSpecification\",\"valueRequired\":true,\"valueName\":\"search_term_string\"}}],\"inLanguage\":\"fr-FR\"},{\"@type\":\"Organization\",\"@id\":\"https:\\\/\\\/consultaxe.com\\\/#organization\",\"name\":\"Consultaxe\",\"url\":\"https:\\\/\\\/consultaxe.com\\\/\",\"logo\":{\"@type\":\"ImageObject\",\"inLanguage\":\"fr-FR\",\"@id\":\"https:\\\/\\\/consultaxe.com\\\/#\\\/schema\\\/logo\\\/image\\\/\",\"url\":\"https:\\\/\\\/consultaxe.com\\\/wp-content\\\/uploads\\\/2022\\\/09\\\/logo-consultaxe-rev.png\",\"contentUrl\":\"https:\\\/\\\/consultaxe.com\\\/wp-content\\\/uploads\\\/2022\\\/09\\\/logo-consultaxe-rev.png\",\"width\":340,\"height\":45,\"caption\":\"Consultaxe\"},\"image\":{\"@id\":\"https:\\\/\\\/consultaxe.com\\\/#\\\/schema\\\/logo\\\/image\\\/\"}}]}<\/script>\n<!-- \/ Yoast SEO plugin. -->","yoast_head_json":{"title":"Nos partenaires - Consultaxe","description":"Consultaxe est fier de compter sur ses partenaires afin d'offrir \u00e0 sa client\u00e8le un service complet et cl\u00e9 en main. Devenez l'un de nos partenaires.","robots":{"index":"index","follow":"follow","max-snippet":"max-snippet:-1","max-image-preview":"max-image-preview:large","max-video-preview":"max-video-preview:-1"},"canonical":"https:\/\/consultaxe.com\/?page_id=3167","og_locale":"fr_FR","og_type":"article","og_title":"Nos partenaires - Consultaxe","og_description":"Consultaxe est fier de compter sur ses partenaires afin d'offrir \u00e0 sa client\u00e8le un service complet et cl\u00e9 en main. Devenez l'un de nos partenaires.","og_url":"https:\/\/consultaxe.com\/?page_id=3167","og_site_name":"Consultaxe","article_modified_time":"2023-10-12T16:41:32+00:00","og_image":[{"width":1600,"height":900,"url":"https:\/\/consultaxe.com\/wp-content\/uploads\/2022\/10\/partenaires-1.jpg","type":"image\/jpeg"}],"twitter_card":"summary_large_image","twitter_misc":{"Dur\u00e9e de lecture estim\u00e9e":"2 minutes"},"schema":{"@context":"https:\/\/schema.org","@graph":[{"@type":"WebPage","@id":"https:\/\/consultaxe.com\/?page_id=3167","url":"https:\/\/consultaxe.com\/?page_id=3167","name":"Nos partenaires - Consultaxe","isPartOf":{"@id":"https:\/\/consultaxe.com\/#website"},"primaryImageOfPage":{"@id":"https:\/\/consultaxe.com\/?page_id=3167#primaryimage"},"image":{"@id":"https:\/\/consultaxe.com\/?page_id=3167#primaryimage"},"thumbnailUrl":"https:\/\/consultaxe.com\/wp-content\/uploads\/2022\/10\/partenaires-1.jpg","datePublished":"2022-10-24T03:09:13+00:00","dateModified":"2023-10-12T16:41:32+00:00","description":"Consultaxe est fier de compter sur ses partenaires afin d'offrir \u00e0 sa client\u00e8le un service complet et cl\u00e9 en main. Devenez l'un de nos partenaires.","breadcrumb":{"@id":"https:\/\/consultaxe.com\/?page_id=3167#breadcrumb"},"inLanguage":"fr-FR","potentialAction":[{"@type":"ReadAction","target":["https:\/\/consultaxe.com\/?page_id=3167"]}]},{"@type":"ImageObject","inLanguage":"fr-FR","@id":"https:\/\/consultaxe.com\/?page_id=3167#primaryimage","url":"https:\/\/consultaxe.com\/wp-content\/uploads\/2022\/10\/partenaires-1.jpg","contentUrl":"https:\/\/consultaxe.com\/wp-content\/uploads\/2022\/10\/partenaires-1.jpg","width":1600,"height":900},{"@type":"BreadcrumbList","@id":"https:\/\/consultaxe.com\/?page_id=3167#breadcrumb","itemListElement":[{"@type":"ListItem","position":1,"name":"Accueil","item":"https:\/\/consultaxe.com\/"},{"@type":"ListItem","position":2,"name":"\u00c9tudes de cas","item":"https:\/\/consultaxe.com\/?page_id=3174"},{"@type":"ListItem","position":3,"name":"Nos partenaires"}]},{"@type":"WebSite","@id":"https:\/\/consultaxe.com\/#website","url":"https:\/\/consultaxe.com\/","name":"Consultaxe","description":"Vos sp\u00e9cialistes en optimisation financi\u00e8re","publisher":{"@id":"https:\/\/consultaxe.com\/#organization"},"potentialAction":[{"@type":"SearchAction","target":{"@type":"EntryPoint","urlTemplate":"https:\/\/consultaxe.com\/?s={search_term_string}"},"query-input":{"@type":"PropertyValueSpecification","valueRequired":true,"valueName":"search_term_string"}}],"inLanguage":"fr-FR"},{"@type":"Organization","@id":"https:\/\/consultaxe.com\/#organization","name":"Consultaxe","url":"https:\/\/consultaxe.com\/","logo":{"@type":"ImageObject","inLanguage":"fr-FR","@id":"https:\/\/consultaxe.com\/#\/schema\/logo\/image\/","url":"https:\/\/consultaxe.com\/wp-content\/uploads\/2022\/09\/logo-consultaxe-rev.png","contentUrl":"https:\/\/consultaxe.com\/wp-content\/uploads\/2022\/09\/logo-consultaxe-rev.png","width":340,"height":45,"caption":"Consultaxe"},"image":{"@id":"https:\/\/consultaxe.com\/#\/schema\/logo\/image\/"}}]}},"_links":{"self":[{"href":"https:\/\/consultaxe.com\/index.php?rest_route=\/wp\/v2\/pages\/3167","targetHints":{"allow":["GET"]}}],"collection":[{"href":"https:\/\/consultaxe.com\/index.php?rest_route=\/wp\/v2\/pages"}],"about":[{"href":"https:\/\/consultaxe.com\/index.php?rest_route=\/wp\/v2\/types\/page"}],"author":[{"embeddable":true,"href":"https:\/\/consultaxe.com\/index.php?rest_route=\/wp\/v2\/users\/6"}],"replies":[{"embeddable":true,"href":"https:\/\/consultaxe.com\/index.php?rest_route=%2Fwp%2Fv2%2Fcomments&post=3167"}],"version-history":[{"count":10,"href":"https:\/\/consultaxe.com\/index.php?rest_route=\/wp\/v2\/pages\/3167\/revisions"}],"predecessor-version":[{"id":4355,"href":"https:\/\/consultaxe.com\/index.php?rest_route=\/wp\/v2\/pages\/3167\/revisions\/4355"}],"up":[{"embeddable":true,"href":"https:\/\/consultaxe.com\/index.php?rest_route=\/wp\/v2\/pages\/3174"}],"wp:featuredmedia":[{"embeddable":true,"href":"https:\/\/consultaxe.com\/index.php?rest_route=\/wp\/v2\/media\/3336"}],"wp:attachment":[{"href":"https:\/\/consultaxe.com\/index.php?rest_route=%2Fwp%2Fv2%2Fmedia&parent=3167"}],"curies":[{"name":"wp","href":"https:\/\/api.w.org\/{rel}","templated":true}]}}